{"id":2817,"date":"2022-06-30T12:10:42","date_gmt":"2022-06-30T12:10:42","guid":{"rendered":"https:\/\/www.odontoesteticamb.com\/?page_id=2817"},"modified":"2025-01-04T18:26:43","modified_gmt":"2025-01-04T18:26:43","slug":"maxima-cobertura-dental-por-el-minimo-precio","status":"publish","type":"page","link":"https:\/\/www.odontoesteticamb.com\/index.php\/maxima-cobertura-dental-por-el-minimo-precio\/","title":{"rendered":"Plan MB+"},"content":{"rendered":"\t\t<div data-elementor-type=\"wp-page\" data-elementor-id=\"2817\" class=\"elementor elementor-2817\">\n\t\t\t\t\t\t<section class=\"elementor-section elementor-top-section elementor-element elementor-element-559e5c6 elementor-section-boxed elementor-section-height-default elementor-section-height-default\" data-id=\"559e5c6\" data-element_type=\"section\" data-e-type=\"section\">\n\t\t\t\t\t\t<div class=\"elementor-container elementor-column-gap-default\">\n\t\t\t\t\t<div class=\"elementor-column elementor-col-100 elementor-top-column elementor-element elementor-element-088cd34\" data-id=\"088cd34\" data-element_type=\"column\" data-e-type=\"column\">\n\t\t\t<div class=\"elementor-widget-wrap elementor-element-populated\">\n\t\t\t\t\t\t<div class=\"elementor-element elementor-element-e41548a elementor-widget elementor-widget-text-editor\" data-id=\"e41548a\" data-element_type=\"widget\" data-e-type=\"widget\" data-widget_type=\"text-editor.default\">\n\t\t\t\t<div class=\"elementor-widget-container\">\n\t\t\t\t\t\t\t\t\t<h5>\u00bfQu\u00e9 es el Plan MB+?<\/h5><p>En pocas palabras, <strong>el Plan MB+ es la mejor cobertura dental al mejor precio<\/strong><\/p><h5>\u00bfCobertura dental, eso qu\u00e9 es?<\/h5><p><span style=\"font-size: 14px;\">Tal y como lo entendemos en Odonto\u00b7Est\u00e9tica Marina Baixa, la mejor forma de <\/span><strong style=\"font-size: 14px;\">ahorrar dinero <\/strong><span style=\"font-size: 14px;\">y <\/span><strong style=\"font-size: 14px;\">tener una salud dental \u00f3ptima <\/strong><span style=\"font-size: 14px;\">es:<\/span><\/p><ul><li>Mantener una buena higiene dental\u00a0<\/li><li>Adoptar unos h\u00e1bitos saludables<\/li><li>Realizar revisiones peri\u00f3dicas\u00a0<\/li><li>Actuar con rapidez ante peque\u00f1os problemas que puedan aparecer, <strong>evitando que se hagan m\u00e1s grandes.\u00a0<\/strong><\/li><\/ul><p>Cobertura dental, es hacer estas 4 cosas descritas antes de manera eficiente, porque al hacerlo nos estaremos protegiendo de problemas graves de salud dental y eso es lo que nosotros queremos para nuestros pacientes.<\/p><h5>\u00bfC\u00f3mo me protege el Plan MB+?<\/h5><p>El plan MB+ incluye m\u00e1s de 50 prestaciones gratuitas encaminadas a cubrir los 4 puntos antes descritos, algunas de estas prestaciones son:<\/p>\t\t\t\t\t\t\t\t<\/div>\n\t\t\t\t<\/div>\n\t\t\t\t<section class=\"elementor-section elementor-inner-section elementor-element elementor-element-9f1ceff elementor-section-boxed elementor-section-height-default elementor-section-height-default\" data-id=\"9f1ceff\" data-element_type=\"section\" data-e-type=\"section\">\n\t\t\t\t\t\t<div class=\"elementor-container elementor-column-gap-default\">\n\t\t\t\t\t<div class=\"elementor-column elementor-col-50 elementor-inner-column elementor-element elementor-element-55b3990\" data-id=\"55b3990\" data-element_type=\"column\" data-e-type=\"column\">\n\t\t\t<div class=\"elementor-widget-wrap elementor-element-populated\">\n\t\t\t\t\t\t<div class=\"elementor-element elementor-element-9550b6b elementor-widget elementor-widget-text-editor\" data-id=\"9550b6b\" data-element_type=\"widget\" data-e-type=\"widget\" data-widget_type=\"text-editor.default\">\n\t\t\t\t<div class=\"elementor-widget-container\">\n\t\t\t\t\t\t\t\t\t<ul><li>Revisi\u00f3n inicial, valoraci\u00f3n y diagn\u00f3stico<\/li><li>Revisi\u00f3n anual<\/li><li>2 higienes dentales anuales (1 semestral)<\/li><li>Sellado fisuras<\/li><li>Radiograf\u00eda panor\u00e1mica<\/li><li>Educaci\u00f3n bucal y t\u00e9cnicas de Higiene y de cepillo<\/li><li>Pulido pasta profilaxis<\/li><li>Fluorizaci\u00f3n t\u00f3pica<\/li><li>Radiograf\u00edas Intraorales<\/li><\/ul>\t\t\t\t\t\t\t\t<\/div>\n\t\t\t\t<\/div>\n\t\t\t\t\t<\/div>\n\t\t<\/div>\n\t\t\t\t<div class=\"elementor-column elementor-col-50 elementor-inner-column elementor-element elementor-element-d68ce40\" data-id=\"d68ce40\" data-element_type=\"column\" data-e-type=\"column\">\n\t\t\t<div class=\"elementor-widget-wrap elementor-element-populated\">\n\t\t\t\t\t\t<div class=\"elementor-element elementor-element-b73adb5 elementor-widget elementor-widget-text-editor\" data-id=\"b73adb5\" data-element_type=\"widget\" data-e-type=\"widget\" data-widget_type=\"text-editor.default\">\n\t\t\t\t<div class=\"elementor-widget-container\">\n\t\t\t\t\t\t\t\t\t<ul><li>TAC<\/li><li>Prioridad en urgencias : examen, exploraci\u00f3n , receta<\/li><li>Extracci\u00f3n de dientes temporales<\/li><li>Recementado de Coronas y Puentes realizados en nuestra cl\u00ednica<\/li><li>Ajuste de Pr\u00f3tesis Removibles realizadas en nuestra cl\u00ednica<\/li><li>Obturaciones provisionales<\/li><li>Estudio ortodoncia<\/li><\/ul>\t\t\t\t\t\t\t\t<\/div>\n\t\t\t\t<\/div>\n\t\t\t\t\t<\/div>\n\t\t<\/div>\n\t\t\t\t\t<\/div>\n\t\t<\/section>\n\t\t\t\t<div class=\"elementor-element elementor-element-93fdd9a elementor-widget elementor-widget-spacer\" data-id=\"93fdd9a\" data-element_type=\"widget\" data-e-type=\"widget\" data-widget_type=\"spacer.default\">\n\t\t\t\t<div class=\"elementor-widget-container\">\n\t\t\t\t\t\t\t<div class=\"elementor-spacer\">\n\t\t\t<div class=\"elementor-spacer-inner\"><\/div>\n\t\t<\/div>\n\t\t\t\t\t\t<\/div>\n\t\t\t\t<\/div>\n\t\t\t\t<div class=\"elementor-element elementor-element-be083d0 elementor-widget elementor-widget-text-editor\" data-id=\"be083d0\" data-element_type=\"widget\" data-e-type=\"widget\" data-widget_type=\"text-editor.default\">\n\t\t\t\t<div class=\"elementor-widget-container\">\n\t\t\t\t\t\t\t\t\t<p>Adem\u00e1s de estas prestaciones gratuitas, el\u00a0<strong>Plan MB+\u00a0<\/strong>incluye un\u00a0<strong>20% de descuento en el resto de tratamientos\u00a0<\/strong>(no acumulable a otras promociones puntuales)<\/p><h5>Vale, ya se que es el Plan MB+, \u00bfpero cuanto cuesta?<\/h5><p>Tenemos 2 opciones, dependiendo de si te interesa el Plan MB+ individual o el Familiar.\u00a0<\/p><p><strong>Plan MB+ Individual (80\u20ac a\u00f1o): <\/strong>Como su nombre indica dar\u00eda cobertura a una \u00fanica persona que es quien ser\u00eda el beneficiario de los servicios y tiene un coste total anual de 80 \u20ac. S\u00ed, por 80 \u20ac al a\u00f1o tendr\u00edas derecho a 1 primera revisi\u00f3n, 2 higienes dentales (1 cada 6 meses), otra revisi\u00f3n anual, educaci\u00f3n bucal, radiograf\u00eda panor\u00e1mica, etc&#8230; y un 20% de descuento en los tratamiento no incluidos de forma gratuita en el Plan MB+<\/p><p><strong>Plan MB+ Familiar (120\u20ac a\u00f1o):\u00a0<\/strong>En este caso el plan se hace extensible a todos los miembros convivientes en un mismo hogar. Esto es, por un importe total de 120 \u20ac al a\u00f1o, TODOS los miembros convivientes tendr\u00edan derecho a 1 revisi\u00f3n inicial cada uno, 2 higienes (una semetral) cada uno, etc&#8230;y obviamente, tambi\u00e9n tendr\u00edan derecho al 20% de descuento adicional en sus tratamientos cada uno.<\/p>\t\t\t\t\t\t\t\t<\/div>\n\t\t\t\t<\/div>\n\t\t\t\t\t<\/div>\n\t\t<\/div>\n\t\t\t\t\t<\/div>\n\t\t<\/section>\n\t\t\t\t<section class=\"elementor-section elementor-top-section elementor-element elementor-element-f54369a elementor-section-boxed elementor-section-height-default elementor-section-height-default\" data-id=\"f54369a\" data-element_type=\"section\" data-e-type=\"section\">\n\t\t\t\t\t\t<div class=\"elementor-container elementor-column-gap-default\">\n\t\t\t\t\t<div class=\"elementor-column elementor-col-33 elementor-top-column elementor-element elementor-element-b50515b\" data-id=\"b50515b\" data-element_type=\"column\" data-e-type=\"column\">\n\t\t\t<div class=\"elementor-widget-wrap elementor-element-populated\">\n\t\t\t\t\t\t<div class=\"elementor-element elementor-element-2381b59 elementor-button-success elementor-align-center elementor-widget elementor-widget-button\" data-id=\"2381b59\" data-element_type=\"widget\" data-e-type=\"widget\" data-widget_type=\"button.default\">\n\t\t\t\t<div class=\"elementor-widget-container\">\n\t\t\t\t\t\t\t\t\t<div class=\"elementor-button-wrapper\">\n\t\t\t\t\t<a class=\"elementor-button elementor-button-link elementor-size-sm\" href=\"https:\/\/wa.me\/34604417875\">\n\t\t\t\t\t\t<span class=\"elementor-button-content-wrapper\">\n\t\t\t\t\t\t<span class=\"elementor-button-icon\">\n\t\t\t\t<i aria-hidden=\"true\" class=\"fab fa-whatsapp\"><\/i>\t\t\t<\/span>\n\t\t\t\t\t\t\t\t\t<span class=\"elementor-button-text\">Quiero Saber m\u00e1s<\/span>\n\t\t\t\t\t<\/span>\n\t\t\t\t\t<\/a>\n\t\t\t\t<\/div>\n\t\t\t\t\t\t\t\t<\/div>\n\t\t\t\t<\/div>\n\t\t\t\t\t<\/div>\n\t\t<\/div>\n\t\t\t\t<div class=\"elementor-column elementor-col-33 elementor-top-column elementor-element elementor-element-38e799a\" data-id=\"38e799a\" data-element_type=\"column\" data-e-type=\"column\">\n\t\t\t<div class=\"elementor-widget-wrap elementor-element-populated\">\n\t\t\t\t\t\t<div class=\"elementor-element elementor-element-c6daeaf elementor-button-success elementor-align-center elementor-widget elementor-widget-button\" data-id=\"c6daeaf\" data-element_type=\"widget\" data-e-type=\"widget\" data-widget_type=\"button.default\">\n\t\t\t\t<div class=\"elementor-widget-container\">\n\t\t\t\t\t\t\t\t\t<div class=\"elementor-button-wrapper\">\n\t\t\t\t\t<a class=\"elementor-button elementor-button-link elementor-size-sm\" href=\"tel:966266065\">\n\t\t\t\t\t\t<span class=\"elementor-button-content-wrapper\">\n\t\t\t\t\t\t<span class=\"elementor-button-icon\">\n\t\t\t\t<i aria-hidden=\"true\" class=\"fas fa-phone-alt\"><\/i>\t\t\t<\/span>\n\t\t\t\t\t\t\t\t\t<span class=\"elementor-button-text\">Quiero Saber m\u00e1s<\/span>\n\t\t\t\t\t<\/span>\n\t\t\t\t\t<\/a>\n\t\t\t\t<\/div>\n\t\t\t\t\t\t\t\t<\/div>\n\t\t\t\t<\/div>\n\t\t\t\t\t<\/div>\n\t\t<\/div>\n\t\t\t\t<div class=\"elementor-column elementor-col-33 elementor-top-column elementor-element elementor-element-b4b2ecf\" data-id=\"b4b2ecf\" data-element_type=\"column\" data-e-type=\"column\">\n\t\t\t<div class=\"elementor-widget-wrap elementor-element-populated\">\n\t\t\t\t\t\t<div class=\"elementor-element elementor-element-c2758ba elementor-button-success elementor-align-center elementor-widget elementor-widget-button\" data-id=\"c2758ba\" data-element_type=\"widget\" data-e-type=\"widget\" data-widget_type=\"button.default\">\n\t\t\t\t<div class=\"elementor-widget-container\">\n\t\t\t\t\t\t\t\t\t<div class=\"elementor-button-wrapper\">\n\t\t\t\t\t<a class=\"elementor-button elementor-button-link elementor-size-sm\" href=\"mailto:clinica@odontoesteticamb.com\">\n\t\t\t\t\t\t<span class=\"elementor-button-content-wrapper\">\n\t\t\t\t\t\t<span class=\"elementor-button-icon\">\n\t\t\t\t<i aria-hidden=\"true\" class=\"far fa-envelope\"><\/i>\t\t\t<\/span>\n\t\t\t\t\t\t\t\t\t<span class=\"elementor-button-text\">Quiero Saber m\u00e1s<\/span>\n\t\t\t\t\t<\/span>\n\t\t\t\t\t<\/a>\n\t\t\t\t<\/div>\n\t\t\t\t\t\t\t\t<\/div>\n\t\t\t\t<\/div>\n\t\t\t\t\t<\/div>\n\t\t<\/div>\n\t\t\t\t\t<\/div>\n\t\t<\/section>\n\t\t\t\t<\/div>\n\t\t","protected":false},"excerpt":{"rendered":"<p>\u00bfQu\u00e9 es el Plan MB+? En pocas palabras, el Plan MB+ es la mejor cobertura dental al mejor precio \u00bfCobertura dental, eso qu\u00e9 es? Tal y como lo entendemos en Odonto\u00b7Est\u00e9tica Marina Baixa, la mejor forma de ahorrar dinero y tener una salud dental \u00f3ptima es: Mantener una buena higiene dental\u00a0 Adoptar unos h\u00e1bitos saludables Realizar revisiones peri\u00f3dicas\u00a0 Actuar con&hellip;<\/p>\n","protected":false},"author":1,"featured_media":0,"parent":0,"menu_order":3,"comment_status":"closed","ping_status":"closed","template":"elementor_header_footer","meta":{"footnotes":""},"class_list":["post-2817","page","type-page","status-publish","hentry"],"_links":{"self":[{"href":"https:\/\/www.odontoesteticamb.com\/index.php\/wp-json\/wp\/v2\/pages\/2817","targetHints":{"allow":["GET"]}}],"collection":[{"href":"https:\/\/www.odontoesteticamb.com\/index.php\/wp-json\/wp\/v2\/pages"}],"about":[{"href":"https:\/\/www.odontoesteticamb.com\/index.php\/wp-json\/wp\/v2\/types\/page"}],"author":[{"embeddable":true,"href":"https:\/\/www.odontoesteticamb.com\/index.php\/wp-json\/wp\/v2\/users\/1"}],"replies":[{"embeddable":true,"href":"https:\/\/www.odontoesteticamb.com\/index.php\/wp-json\/wp\/v2\/comments?post=2817"}],"version-history":[{"count":38,"href":"https:\/\/www.odontoesteticamb.com\/index.php\/wp-json\/wp\/v2\/pages\/2817\/revisions"}],"predecessor-version":[{"id":2934,"href":"https:\/\/www.odontoesteticamb.com\/index.php\/wp-json\/wp\/v2\/pages\/2817\/revisions\/2934"}],"wp:attachment":[{"href":"https:\/\/www.odontoesteticamb.com\/index.php\/wp-json\/wp\/v2\/media?parent=2817"}],"curies":[{"name":"wp","href":"https:\/\/api.w.org\/{rel}","templated":true}]}}